{"id":697,"date":"2023-11-20T14:25:04","date_gmt":"2023-11-20T14:25:04","guid":{"rendered":"https:\/\/www.obat.fr\/www\/?page_id=697"},"modified":"2026-02-19T17:30:22","modified_gmt":"2026-02-19T17:30:22","slug":"chauffagiste","status":"publish","type":"page","link":"https:\/\/www.obat.fr\/www\/devis-factures\/chauffagiste\/","title":{"rendered":"M\u00e9tier &#8211; Logiciel chauffagiste"},"content":{"rendered":"","protected":false},"excerpt":{"rendered":"","protected":false},"author":8,"featured_media":0,"parent":765,"menu_order":0,"comment_status":"closed","ping_status":"closed","template":"","meta":{"_acf_changed":false},"class_list":["post-697","page","type-page","status-publish","hentry"],"acf":[],"yoast_head":"<!-- This site is optimized with the Yoast SEO Premium plugin v27.2 (Yoast SEO v27.4) - https:\/\/yoast.com\/product\/yoast-seo-premium-wordpress\/ -->\n<title>Logiciel chauffagiste : r\u00e9alisez vos devis et factures de chauffage | Obat<\/title>\n<meta name=\"description\" content=\"Optez pour le logiciel chauffagiste d\u2019Obat. La gestion de votre entreprise sera simplifi\u00e9e dans le chiffrage de vos travaux de chauffage, le calcul de vos co\u00fbts, la facturation et la r\u00e9alisation de devis.\" \/>\n<meta name=\"robots\" content=\"index, follow, max-snippet:-1, max-image-preview:large, max-video-preview:-1\" \/>\n<link rel=\"canonical\" href=\"https:\/\/www.obat.fr\/devis-factures\/chauffagiste\/\" \/>\n<meta property=\"og:locale\" content=\"fr_FR\" \/>\n<meta property=\"og:type\" content=\"article\" \/>\n<meta property=\"og:title\" content=\"Logiciel chauffagiste : r\u00e9alisez vos devis et factures de chauffage | Obat\" \/>\n<meta property=\"og:description\" content=\"Optez pour le logiciel chauffagiste d\u2019Obat. La gestion de votre entreprise sera simplifi\u00e9e dans le chiffrage de vos travaux de chauffage, le calcul de vos co\u00fbts, la facturation et la r\u00e9alisation de devis.\" \/>\n<meta property=\"og:url\" content=\"https:\/\/www.obat.fr\/www\/devis-factures\/chauffagiste\/\" \/>\n<meta property=\"og:site_name\" content=\"Obat\" \/>\n<meta property=\"article:publisher\" content=\"https:\/\/www.facebook.com\/obat.fr\/\" \/>\n<meta property=\"article:modified_time\" content=\"2026-02-19T17:30:22+00:00\" \/>\n<meta name=\"twitter:card\" content=\"summary_large_image\" \/>\n<meta name=\"twitter:site\" content=\"@obat_fr\" \/>\n<meta name=\"twitter:label1\" content=\"Dur\u00e9e de lecture estim\u00e9e\" \/>\n\t<meta name=\"twitter:data1\" content=\"10 minutes\" \/>\n<script type=\"application\/ld+json\" class=\"yoast-schema-graph\">{\"@context\":\"https:\\\/\\\/schema.org\",\"@graph\":[{\"@type\":\"WebPage\",\"@id\":\"https:\\\/\\\/www.obat.fr\\\/devis-factures\\\/chauffagiste\\\/\",\"url\":\"https:\\\/\\\/www.obat.fr\\\/devis-factures\\\/chauffagiste\\\/\",\"name\":\"Logiciel chauffagiste : r\u00e9alisez vos devis et factures de chauffage | Obat\",\"isPartOf\":{\"@id\":\"https:\\\/\\\/www.obat.fr\\\/#website\"},\"datePublished\":\"2023-11-20T14:25:04+00:00\",\"dateModified\":\"2026-02-19T17:30:22+00:00\",\"description\":\"Optez pour le logiciel chauffagiste d\u2019Obat. La gestion de votre entreprise sera simplifi\u00e9e dans le chiffrage de vos travaux de chauffage, le calcul de vos co\u00fbts, la facturation et la r\u00e9alisation de devis.\",\"breadcrumb\":{\"@id\":\"https:\\\/\\\/www.obat.fr\\\/www\\\/devis-factures\\\/chauffagiste\\\/#breadcrumb\"},\"inLanguage\":\"fr-FR\",\"potentialAction\":[{\"@type\":\"ReadAction\",\"target\":[\"https:\\\/\\\/www.obat.fr\\\/devis-factures\\\/chauffagiste\\\/\"]}]},{\"@type\":\"BreadcrumbList\",\"@id\":\"https:\\\/\\\/www.obat.fr\\\/devis-factures\\\/chauffagiste\\\/#breadcrumb\",\"itemListElement\":[{\"@type\":\"ListItem\",\"position\":1,\"name\":\"Feature &#8211; Devis factures\",\"item\":\"https:\\\/\\\/www.obat.fr\\\/www\\\/devis-factures\\\/\"},{\"@type\":\"ListItem\",\"position\":2,\"name\":\"M\u00e9tier &#8211; Logiciel chauffagiste\"}]},{\"@type\":\"WebSite\",\"@id\":\"https:\\\/\\\/www.obat.fr\\\/#website\",\"url\":\"https:\\\/\\\/www.obat.fr\\\/\",\"name\":\"Obat\",\"description\":\"Logiciel de devis et factures en ligne pour le b\u00e2timent\",\"publisher\":{\"@id\":\"https:\\\/\\\/www.obat.fr\\\/www\\\/#organization\"},\"potentialAction\":[{\"@type\":\"SearchAction\",\"target\":{\"@type\":\"EntryPoint\",\"urlTemplate\":\"https:\\\/\\\/www.obat.fr\\\/?s={search_term_string}\"},\"query-input\":{\"@type\":\"PropertyValueSpecification\",\"valueRequired\":true,\"valueName\":\"search_term_string\"}}],\"inLanguage\":\"fr-FR\"},{\"@type\":\"Organization\",\"@id\":\"https:\\\/\\\/www.obat.fr\\\/#organization\",\"name\":\"Obat\",\"url\":\"https:\\\/\\\/www.obat.fr\\\/\",\"logo\":{\"@type\":\"ImageObject\",\"inLanguage\":\"fr-FR\",\"@id\":\"https:\\\/\\\/www.obat.fr\\\/www\\\/#\\\/schema\\\/logo\\\/image\\\/\",\"url\":\"https:\\\/\\\/www.obat.fr\\\/www\\\/wp-content\\\/uploads\\\/2024\\\/07\\\/logo.svg\",\"contentUrl\":\"https:\\\/\\\/www.obat.fr\\\/www\\\/wp-content\\\/uploads\\\/2024\\\/07\\\/logo.svg\",\"width\":163,\"height\":48,\"caption\":\"Obat\"},\"image\":{\"@id\":\"https:\\\/\\\/www.obat.fr\\\/www\\\/#\\\/schema\\\/logo\\\/image\\\/\"},\"sameAs\":[\"https:\\\/\\\/www.facebook.com\\\/obat.fr\\\/\",\"https:\\\/\\\/x.com\\\/obat_fr\"]}]}<\/script>\n<!-- \/ Yoast SEO Premium plugin. -->","yoast_head_json":{"title":"Logiciel chauffagiste : r\u00e9alisez vos devis et factures de chauffage | Obat","description":"Optez pour le logiciel chauffagiste d\u2019Obat. La gestion de votre entreprise sera simplifi\u00e9e dans le chiffrage de vos travaux de chauffage, le calcul de vos co\u00fbts, la facturation et la r\u00e9alisation de devis.","robots":{"index":"index","follow":"follow","max-snippet":"max-snippet:-1","max-image-preview":"max-image-preview:large","max-video-preview":"max-video-preview:-1"},"canonical":"https:\/\/www.obat.fr\/devis-factures\/chauffagiste\/","og_locale":"fr_FR","og_type":"article","og_title":"Logiciel chauffagiste : r\u00e9alisez vos devis et factures de chauffage | Obat","og_description":"Optez pour le logiciel chauffagiste d\u2019Obat. La gestion de votre entreprise sera simplifi\u00e9e dans le chiffrage de vos travaux de chauffage, le calcul de vos co\u00fbts, la facturation et la r\u00e9alisation de devis.","og_url":"https:\/\/www.obat.fr\/www\/devis-factures\/chauffagiste\/","og_site_name":"Obat","article_publisher":"https:\/\/www.facebook.com\/obat.fr\/","article_modified_time":"2026-02-19T17:30:22+00:00","twitter_card":"summary_large_image","twitter_site":"@obat_fr","twitter_misc":{"Dur\u00e9e de lecture estim\u00e9e":"10 minutes"},"schema":{"@context":"https:\/\/schema.org","@graph":[{"@type":"WebPage","@id":"https:\/\/www.obat.fr\/devis-factures\/chauffagiste\/","url":"https:\/\/www.obat.fr\/devis-factures\/chauffagiste\/","name":"Logiciel chauffagiste : r\u00e9alisez vos devis et factures de chauffage | Obat","isPartOf":{"@id":"https:\/\/www.obat.fr\/#website"},"datePublished":"2023-11-20T14:25:04+00:00","dateModified":"2026-02-19T17:30:22+00:00","description":"Optez pour le logiciel chauffagiste d\u2019Obat. La gestion de votre entreprise sera simplifi\u00e9e dans le chiffrage de vos travaux de chauffage, le calcul de vos co\u00fbts, la facturation et la r\u00e9alisation de devis.","breadcrumb":{"@id":"https:\/\/www.obat.fr\/www\/devis-factures\/chauffagiste\/#breadcrumb"},"inLanguage":"fr-FR","potentialAction":[{"@type":"ReadAction","target":["https:\/\/www.obat.fr\/devis-factures\/chauffagiste\/"]}]},{"@type":"BreadcrumbList","@id":"https:\/\/www.obat.fr\/devis-factures\/chauffagiste\/#breadcrumb","itemListElement":[{"@type":"ListItem","position":1,"name":"Feature &#8211; Devis factures","item":"https:\/\/www.obat.fr\/www\/devis-factures\/"},{"@type":"ListItem","position":2,"name":"M\u00e9tier &#8211; Logiciel chauffagiste"}]},{"@type":"WebSite","@id":"https:\/\/www.obat.fr\/#website","url":"https:\/\/www.obat.fr\/","name":"Obat","description":"Logiciel de devis et factures en ligne pour le b\u00e2timent","publisher":{"@id":"https:\/\/www.obat.fr\/www\/#organization"},"potentialAction":[{"@type":"SearchAction","target":{"@type":"EntryPoint","urlTemplate":"https:\/\/www.obat.fr\/?s={search_term_string}"},"query-input":{"@type":"PropertyValueSpecification","valueRequired":true,"valueName":"search_term_string"}}],"inLanguage":"fr-FR"},{"@type":"Organization","@id":"https:\/\/www.obat.fr\/#organization","name":"Obat","url":"https:\/\/www.obat.fr\/","logo":{"@type":"ImageObject","inLanguage":"fr-FR","@id":"https:\/\/www.obat.fr\/www\/#\/schema\/logo\/image\/","url":"https:\/\/www.obat.fr\/www\/wp-content\/uploads\/2024\/07\/logo.svg","contentUrl":"https:\/\/www.obat.fr\/www\/wp-content\/uploads\/2024\/07\/logo.svg","width":163,"height":48,"caption":"Obat"},"image":{"@id":"https:\/\/www.obat.fr\/www\/#\/schema\/logo\/image\/"},"sameAs":["https:\/\/www.facebook.com\/obat.fr\/","https:\/\/x.com\/obat_fr"]}]}},"_links":{"self":[{"href":"https:\/\/www.obat.fr\/www\/wp-json\/wp\/v2\/pages\/697","targetHints":{"allow":["GET"]}}],"collection":[{"href":"https:\/\/www.obat.fr\/www\/wp-json\/wp\/v2\/pages"}],"about":[{"href":"https:\/\/www.obat.fr\/www\/wp-json\/wp\/v2\/types\/page"}],"author":[{"embeddable":true,"href":"https:\/\/www.obat.fr\/www\/wp-json\/wp\/v2\/users\/8"}],"replies":[{"embeddable":true,"href":"https:\/\/www.obat.fr\/www\/wp-json\/wp\/v2\/comments?post=697"}],"version-history":[{"count":10,"href":"https:\/\/www.obat.fr\/www\/wp-json\/wp\/v2\/pages\/697\/revisions"}],"predecessor-version":[{"id":6352,"href":"https:\/\/www.obat.fr\/www\/wp-json\/wp\/v2\/pages\/697\/revisions\/6352"}],"up":[{"embeddable":true,"href":"https:\/\/www.obat.fr\/www\/wp-json\/wp\/v2\/pages\/765"}],"wp:attachment":[{"href":"https:\/\/www.obat.fr\/www\/wp-json\/wp\/v2\/media?parent=697"}],"curies":[{"name":"wp","href":"https:\/\/api.w.org\/{rel}","templated":true}]}}