{"id":3212,"date":"2025-02-05T19:42:42","date_gmt":"2025-02-05T19:42:42","guid":{"rendered":"https:\/\/www.obat.fr\/www\/?page_id=3212"},"modified":"2026-02-19T17:10:52","modified_gmt":"2026-02-19T17:10:52","slug":"migrer-vers-obat","status":"publish","type":"page","link":"https:\/\/www.obat.fr\/www\/migrer-vers-obat\/","title":{"rendered":"Feature &#8211; Migrer vers Obat"},"content":{"rendered":"","protected":false},"excerpt":{"rendered":"","protected":false},"author":10,"featured_media":0,"parent":0,"menu_order":12,"comment_status":"closed","ping_status":"closed","template":"","meta":{"_acf_changed":false},"class_list":["post-3212","page","type-page","status-publish","hentry"],"acf":[],"yoast_head":"<!-- This site is optimized with the Yoast SEO Premium plugin v27.5 (Yoast SEO v27.5) - https:\/\/yoast.com\/product\/yoast-seo-premium-wordpress\/ -->\n<title>Migrer vers un logiciel de devis et factures pour le B\u00e2timent | Obat<\/title>\n<meta name=\"description\" content=\"Passez \u00e0 un logiciel de devis et factures adapt\u00e9 aux artisans et micro-entreprises du b\u00e2timent en toute simplicit\u00e9. Importez vos donn\u00e9es rapidement et b\u00e9n\u00e9ficiez d\u2019un accompagnement personnalis\u00e9 pour une transition fluide.\" \/>\n<meta name=\"robots\" content=\"index, follow, max-snippet:-1, max-image-preview:large, max-video-preview:-1\" \/>\n<link rel=\"canonical\" href=\"https:\/\/www.obat.fr\/migrer-vers-obat\/\" \/>\n<meta property=\"og:locale\" content=\"fr_FR\" \/>\n<meta property=\"og:type\" content=\"article\" \/>\n<meta property=\"og:title\" content=\"Migrer vers un logiciel de devis et factures pour le B\u00e2timent | Obat\" \/>\n<meta property=\"og:description\" content=\"Passez \u00e0 un logiciel de devis et factures adapt\u00e9 aux artisans et micro-entreprises du b\u00e2timent en toute simplicit\u00e9. Importez vos donn\u00e9es rapidement et b\u00e9n\u00e9ficiez d\u2019un accompagnement personnalis\u00e9 pour une transition fluide.\" \/>\n<meta property=\"og:url\" content=\"https:\/\/www.obat.fr\/www\/migrer-vers-obat\/\" \/>\n<meta property=\"og:site_name\" content=\"Obat\" \/>\n<meta property=\"article:publisher\" content=\"https:\/\/www.facebook.com\/obat.fr\/\" \/>\n<meta property=\"article:modified_time\" content=\"2026-02-19T17:10:52+00:00\" \/>\n<meta name=\"twitter:card\" content=\"summary_large_image\" \/>\n<meta name=\"twitter:site\" content=\"@obat_fr\" \/>\n<meta name=\"twitter:label1\" content=\"Dur\u00e9e de lecture estim\u00e9e\" \/>\n\t<meta name=\"twitter:data1\" content=\"5 minutes\" \/>\n<script type=\"application\/ld+json\" class=\"yoast-schema-graph\">{\"@context\":\"https:\\\/\\\/schema.org\",\"@graph\":[{\"@type\":\"WebPage\",\"@id\":\"https:\\\/\\\/www.obat.fr\\\/migrer-vers-obat\\\/\",\"url\":\"https:\\\/\\\/www.obat.fr\\\/migrer-vers-obat\\\/\",\"name\":\"Migrer vers un logiciel de devis et factures pour le B\u00e2timent | Obat\",\"isPartOf\":{\"@id\":\"https:\\\/\\\/www.obat.fr\\\/#website\"},\"datePublished\":\"2025-02-05T19:42:42+00:00\",\"dateModified\":\"2026-02-19T17:10:52+00:00\",\"description\":\"Passez \u00e0 un logiciel de devis et factures adapt\u00e9 aux artisans et micro-entreprises du b\u00e2timent en toute simplicit\u00e9. Importez vos donn\u00e9es rapidement et b\u00e9n\u00e9ficiez d\u2019un accompagnement personnalis\u00e9 pour une transition fluide.\",\"breadcrumb\":{\"@id\":\"https:\\\/\\\/www.obat.fr\\\/wp-json\\\/wp\\\/v2\\\/pages\\\/3212#breadcrumb\"},\"inLanguage\":\"fr-FR\",\"potentialAction\":[{\"@type\":\"ReadAction\",\"target\":[\"https:\\\/\\\/www.obat.fr\\\/migrer-vers-obat\\\/\"]}]},{\"@type\":\"WebSite\",\"@id\":\"https:\\\/\\\/www.obat.fr\\\/#website\",\"url\":\"https:\\\/\\\/www.obat.fr\\\/\",\"name\":\"Obat\",\"description\":\"Logiciel de devis et factures en ligne pour le b\u00e2timent\",\"publisher\":{\"@id\":\"https:\\\/\\\/www.obat.fr\\\/www\\\/#organization\"},\"potentialAction\":[{\"@type\":\"SearchAction\",\"target\":{\"@type\":\"EntryPoint\",\"urlTemplate\":\"https:\\\/\\\/www.obat.fr\\\/?s={search_term_string}\"},\"query-input\":{\"@type\":\"PropertyValueSpecification\",\"valueRequired\":true,\"valueName\":\"search_term_string\"}}],\"inLanguage\":\"fr-FR\"},{\"@type\":\"Organization\",\"@id\":\"https:\\\/\\\/www.obat.fr\\\/#organization\",\"name\":\"Obat\",\"url\":\"https:\\\/\\\/www.obat.fr\\\/\",\"logo\":{\"@type\":\"ImageObject\",\"inLanguage\":\"fr-FR\",\"@id\":\"https:\\\/\\\/www.obat.fr\\\/www\\\/#\\\/schema\\\/logo\\\/image\\\/\",\"url\":\"https:\\\/\\\/www.obat.fr\\\/www\\\/wp-content\\\/uploads\\\/2024\\\/07\\\/logo.svg\",\"contentUrl\":\"https:\\\/\\\/www.obat.fr\\\/www\\\/wp-content\\\/uploads\\\/2024\\\/07\\\/logo.svg\",\"width\":163,\"height\":48,\"caption\":\"Obat\"},\"image\":{\"@id\":\"https:\\\/\\\/www.obat.fr\\\/www\\\/#\\\/schema\\\/logo\\\/image\\\/\"},\"sameAs\":[\"https:\\\/\\\/www.facebook.com\\\/obat.fr\\\/\",\"https:\\\/\\\/x.com\\\/obat_fr\"]},{\"@type\":\"BreadcrumbList\",\"@id\":\"https:\\\/\\\/www.obat.fr\\\/wp-json\\\/wp\\\/v2\\\/pages\\\/3212#breadcrumb\",\"itemListElement\":[{\"@type\":\"ListItem\",\"position\":1,\"name\":\"Accueil\",\"item\":\"https:\\\/\\\/www.obat.fr\\\/\"},{\"@type\":\"ListItem\",\"position\":2,\"name\":\"Wp Json\",\"item\":\"https:\\\/\\\/www.obat.fr\\\/wp-json\\\/\"},{\"@type\":\"ListItem\",\"position\":3,\"name\":\"Wp\",\"item\":\"https:\\\/\\\/www.obat.fr\\\/wp-json\\\/wp\\\/\"},{\"@type\":\"ListItem\",\"position\":4,\"name\":\"V2\",\"item\":\"https:\\\/\\\/www.obat.fr\\\/wp-json\\\/wp\\\/v2\\\/\"},{\"@type\":\"ListItem\",\"position\":5,\"name\":\"Pages\",\"item\":\"https:\\\/\\\/www.obat.fr\\\/wp-json\\\/wp\\\/v2\\\/pages\\\/\"},{\"@type\":\"ListItem\",\"position\":6,\"name\":\"3212\",\"item\":\"https:\\\/\\\/www.obat.fr\\\/wp-json\\\/wp\\\/v2\\\/pages\\\/3212\\\/\"}]}]}<\/script>\n<!-- \/ Yoast SEO Premium plugin. -->","yoast_head_json":{"title":"Migrer vers un logiciel de devis et factures pour le B\u00e2timent | Obat","description":"Passez \u00e0 un logiciel de devis et factures adapt\u00e9 aux artisans et micro-entreprises du b\u00e2timent en toute simplicit\u00e9. Importez vos donn\u00e9es rapidement et b\u00e9n\u00e9ficiez d\u2019un accompagnement personnalis\u00e9 pour une transition fluide.","robots":{"index":"index","follow":"follow","max-snippet":"max-snippet:-1","max-image-preview":"max-image-preview:large","max-video-preview":"max-video-preview:-1"},"canonical":"https:\/\/www.obat.fr\/migrer-vers-obat\/","og_locale":"fr_FR","og_type":"article","og_title":"Migrer vers un logiciel de devis et factures pour le B\u00e2timent | Obat","og_description":"Passez \u00e0 un logiciel de devis et factures adapt\u00e9 aux artisans et micro-entreprises du b\u00e2timent en toute simplicit\u00e9. Importez vos donn\u00e9es rapidement et b\u00e9n\u00e9ficiez d\u2019un accompagnement personnalis\u00e9 pour une transition fluide.","og_url":"https:\/\/www.obat.fr\/www\/migrer-vers-obat\/","og_site_name":"Obat","article_publisher":"https:\/\/www.facebook.com\/obat.fr\/","article_modified_time":"2026-02-19T17:10:52+00:00","twitter_card":"summary_large_image","twitter_site":"@obat_fr","twitter_misc":{"Dur\u00e9e de lecture estim\u00e9e":"5 minutes"},"schema":{"@context":"https:\/\/schema.org","@graph":[{"@type":"WebPage","@id":"https:\/\/www.obat.fr\/migrer-vers-obat\/","url":"https:\/\/www.obat.fr\/migrer-vers-obat\/","name":"Migrer vers un logiciel de devis et factures pour le B\u00e2timent | Obat","isPartOf":{"@id":"https:\/\/www.obat.fr\/#website"},"datePublished":"2025-02-05T19:42:42+00:00","dateModified":"2026-02-19T17:10:52+00:00","description":"Passez \u00e0 un logiciel de devis et factures adapt\u00e9 aux artisans et micro-entreprises du b\u00e2timent en toute simplicit\u00e9. Importez vos donn\u00e9es rapidement et b\u00e9n\u00e9ficiez d\u2019un accompagnement personnalis\u00e9 pour une transition fluide.","breadcrumb":{"@id":"https:\/\/www.obat.fr\/wp-json\/wp\/v2\/pages\/3212#breadcrumb"},"inLanguage":"fr-FR","potentialAction":[{"@type":"ReadAction","target":["https:\/\/www.obat.fr\/migrer-vers-obat\/"]}]},{"@type":"WebSite","@id":"https:\/\/www.obat.fr\/#website","url":"https:\/\/www.obat.fr\/","name":"Obat","description":"Logiciel de devis et factures en ligne pour le b\u00e2timent","publisher":{"@id":"https:\/\/www.obat.fr\/www\/#organization"},"potentialAction":[{"@type":"SearchAction","target":{"@type":"EntryPoint","urlTemplate":"https:\/\/www.obat.fr\/?s={search_term_string}"},"query-input":{"@type":"PropertyValueSpecification","valueRequired":true,"valueName":"search_term_string"}}],"inLanguage":"fr-FR"},{"@type":"Organization","@id":"https:\/\/www.obat.fr\/#organization","name":"Obat","url":"https:\/\/www.obat.fr\/","logo":{"@type":"ImageObject","inLanguage":"fr-FR","@id":"https:\/\/www.obat.fr\/www\/#\/schema\/logo\/image\/","url":"https:\/\/www.obat.fr\/www\/wp-content\/uploads\/2024\/07\/logo.svg","contentUrl":"https:\/\/www.obat.fr\/www\/wp-content\/uploads\/2024\/07\/logo.svg","width":163,"height":48,"caption":"Obat"},"image":{"@id":"https:\/\/www.obat.fr\/www\/#\/schema\/logo\/image\/"},"sameAs":["https:\/\/www.facebook.com\/obat.fr\/","https:\/\/x.com\/obat_fr"]},{"@type":"BreadcrumbList","@id":"https:\/\/www.obat.fr\/wp-json\/wp\/v2\/pages\/3212#breadcrumb","itemListElement":[{"@type":"ListItem","position":1,"name":"Accueil","item":"https:\/\/www.obat.fr\/"},{"@type":"ListItem","position":2,"name":"Wp Json","item":"https:\/\/www.obat.fr\/wp-json\/"},{"@type":"ListItem","position":3,"name":"Wp","item":"https:\/\/www.obat.fr\/wp-json\/wp\/"},{"@type":"ListItem","position":4,"name":"V2","item":"https:\/\/www.obat.fr\/wp-json\/wp\/v2\/"},{"@type":"ListItem","position":5,"name":"Pages","item":"https:\/\/www.obat.fr\/wp-json\/wp\/v2\/pages\/"},{"@type":"ListItem","position":6,"name":"3212","item":"https:\/\/www.obat.fr\/wp-json\/wp\/v2\/pages\/3212\/"}]}]}},"_links":{"self":[{"href":"https:\/\/www.obat.fr\/www\/wp-json\/wp\/v2\/pages\/3212","targetHints":{"allow":["GET"]}}],"collection":[{"href":"https:\/\/www.obat.fr\/www\/wp-json\/wp\/v2\/pages"}],"about":[{"href":"https:\/\/www.obat.fr\/www\/wp-json\/wp\/v2\/types\/page"}],"author":[{"embeddable":true,"href":"https:\/\/www.obat.fr\/www\/wp-json\/wp\/v2\/users\/10"}],"replies":[{"embeddable":true,"href":"https:\/\/www.obat.fr\/www\/wp-json\/wp\/v2\/comments?post=3212"}],"version-history":[{"count":11,"href":"https:\/\/www.obat.fr\/www\/wp-json\/wp\/v2\/pages\/3212\/revisions"}],"predecessor-version":[{"id":6314,"href":"https:\/\/www.obat.fr\/www\/wp-json\/wp\/v2\/pages\/3212\/revisions\/6314"}],"wp:attachment":[{"href":"https:\/\/www.obat.fr\/www\/wp-json\/wp\/v2\/media?parent=3212"}],"curies":[{"name":"wp","href":"https:\/\/api.w.org\/{rel}","templated":true}]}}