{"id":3200,"date":"2025-02-05T20:17:24","date_gmt":"2025-02-05T20:17:24","guid":{"rendered":"https:\/\/www.obat.fr\/www\/?page_id=3200"},"modified":"2025-11-12T16:07:58","modified_gmt":"2025-11-12T16:07:58","slug":"qui-sommes-nous","status":"publish","type":"page","link":"https:\/\/www.obat.fr\/www\/qui-sommes-nous\/","title":{"rendered":"Corporate &#8211; Qui sommes nous"},"content":{"rendered":"","protected":false},"excerpt":{"rendered":"","protected":false},"author":10,"featured_media":0,"parent":0,"menu_order":39,"comment_status":"closed","ping_status":"closed","template":"","meta":{"_acf_changed":false},"class_list":["post-3200","page","type-page","status-publish","hentry"],"acf":[],"yoast_head":"<!-- This site is optimized with the Yoast SEO Premium plugin v27.2 (Yoast SEO v27.3) - https:\/\/yoast.com\/product\/yoast-seo-premium-wordpress\/ -->\n<title>Simplifiez votre quotidien pour vous aider \u00e0 r\u00e9ussir - Obat<\/title>\n<meta name=\"description\" content=\"Chez Obat, nous avons une mission simple : transformer le quotidien des artisans du b\u00e2timent en leur offrant un outil moderne et efficace, pens\u00e9 par eux et pour eux\" \/>\n<meta name=\"robots\" content=\"index, follow, max-snippet:-1, max-image-preview:large, max-video-preview:-1\" \/>\n<link rel=\"canonical\" href=\"https:\/\/www.obat.fr\/qui-sommes-nous\/\" \/>\n<meta property=\"og:locale\" content=\"fr_FR\" \/>\n<meta property=\"og:type\" content=\"article\" \/>\n<meta property=\"og:title\" content=\"Simplifiez votre quotidien pour vous aider \u00e0 r\u00e9ussir - Obat\" \/>\n<meta property=\"og:description\" content=\"Chez Obat, nous avons une mission simple : transformer le quotidien des artisans du b\u00e2timent en leur offrant un outil moderne et efficace, pens\u00e9 par eux et pour eux\" \/>\n<meta property=\"og:url\" content=\"https:\/\/www.obat.fr\/www\/qui-sommes-nous\/\" \/>\n<meta property=\"og:site_name\" content=\"Obat\" \/>\n<meta property=\"article:publisher\" content=\"https:\/\/www.facebook.com\/obat.fr\/\" \/>\n<meta property=\"article:modified_time\" content=\"2025-11-12T16:07:58+00:00\" \/>\n<meta name=\"twitter:card\" content=\"summary_large_image\" \/>\n<meta name=\"twitter:site\" content=\"@obat_fr\" \/>\n<meta name=\"twitter:label1\" content=\"Dur\u00e9e de lecture estim\u00e9e\" \/>\n\t<meta name=\"twitter:data1\" content=\"3 minutes\" \/>\n<script type=\"application\/ld+json\" class=\"yoast-schema-graph\">{\"@context\":\"https:\\\/\\\/schema.org\",\"@graph\":[{\"@type\":\"WebPage\",\"@id\":\"https:\\\/\\\/www.obat.fr\\\/qui-sommes-nous\\\/\",\"url\":\"https:\\\/\\\/www.obat.fr\\\/qui-sommes-nous\\\/\",\"name\":\"Simplifiez votre quotidien pour vous aider \u00e0 r\u00e9ussir - Obat\",\"isPartOf\":{\"@id\":\"https:\\\/\\\/www.obat.fr\\\/#website\"},\"datePublished\":\"2025-02-05T20:17:24+00:00\",\"dateModified\":\"2025-11-12T16:07:58+00:00\",\"description\":\"Chez Obat, nous avons une mission simple : transformer le quotidien des artisans du b\u00e2timent en leur offrant un outil moderne et efficace, pens\u00e9 par eux et pour eux\",\"inLanguage\":\"fr-FR\",\"potentialAction\":[{\"@type\":\"ReadAction\",\"target\":[\"https:\\\/\\\/www.obat.fr\\\/qui-sommes-nous\\\/\"]}]},{\"@type\":\"WebSite\",\"@id\":\"https:\\\/\\\/www.obat.fr\\\/#website\",\"url\":\"https:\\\/\\\/www.obat.fr\\\/\",\"name\":\"Obat\",\"description\":\"Logiciel de devis et factures en ligne pour le b\u00e2timent\",\"publisher\":{\"@id\":\"https:\\\/\\\/www.obat.fr\\\/www\\\/#organization\"},\"potentialAction\":[{\"@type\":\"SearchAction\",\"target\":{\"@type\":\"EntryPoint\",\"urlTemplate\":\"https:\\\/\\\/www.obat.fr\\\/?s={search_term_string}\"},\"query-input\":{\"@type\":\"PropertyValueSpecification\",\"valueRequired\":true,\"valueName\":\"search_term_string\"}}],\"inLanguage\":\"fr-FR\"},{\"@type\":\"Organization\",\"@id\":\"https:\\\/\\\/www.obat.fr\\\/#organization\",\"name\":\"Obat\",\"url\":\"https:\\\/\\\/www.obat.fr\\\/\",\"logo\":{\"@type\":\"ImageObject\",\"inLanguage\":\"fr-FR\",\"@id\":\"https:\\\/\\\/www.obat.fr\\\/www\\\/#\\\/schema\\\/logo\\\/image\\\/\",\"url\":\"https:\\\/\\\/www.obat.fr\\\/www\\\/wp-content\\\/uploads\\\/2024\\\/07\\\/logo.svg\",\"contentUrl\":\"https:\\\/\\\/www.obat.fr\\\/www\\\/wp-content\\\/uploads\\\/2024\\\/07\\\/logo.svg\",\"width\":163,\"height\":48,\"caption\":\"Obat\"},\"image\":{\"@id\":\"https:\\\/\\\/www.obat.fr\\\/www\\\/#\\\/schema\\\/logo\\\/image\\\/\"},\"sameAs\":[\"https:\\\/\\\/www.facebook.com\\\/obat.fr\\\/\",\"https:\\\/\\\/x.com\\\/obat_fr\"]}]}<\/script>\n<!-- \/ Yoast SEO Premium plugin. -->","yoast_head_json":{"title":"Simplifiez votre quotidien pour vous aider \u00e0 r\u00e9ussir - Obat","description":"Chez Obat, nous avons une mission simple : transformer le quotidien des artisans du b\u00e2timent en leur offrant un outil moderne et efficace, pens\u00e9 par eux et pour eux","robots":{"index":"index","follow":"follow","max-snippet":"max-snippet:-1","max-image-preview":"max-image-preview:large","max-video-preview":"max-video-preview:-1"},"canonical":"https:\/\/www.obat.fr\/qui-sommes-nous\/","og_locale":"fr_FR","og_type":"article","og_title":"Simplifiez votre quotidien pour vous aider \u00e0 r\u00e9ussir - Obat","og_description":"Chez Obat, nous avons une mission simple : transformer le quotidien des artisans du b\u00e2timent en leur offrant un outil moderne et efficace, pens\u00e9 par eux et pour eux","og_url":"https:\/\/www.obat.fr\/www\/qui-sommes-nous\/","og_site_name":"Obat","article_publisher":"https:\/\/www.facebook.com\/obat.fr\/","article_modified_time":"2025-11-12T16:07:58+00:00","twitter_card":"summary_large_image","twitter_site":"@obat_fr","twitter_misc":{"Dur\u00e9e de lecture estim\u00e9e":"3 minutes"},"schema":{"@context":"https:\/\/schema.org","@graph":[{"@type":"WebPage","@id":"https:\/\/www.obat.fr\/qui-sommes-nous\/","url":"https:\/\/www.obat.fr\/qui-sommes-nous\/","name":"Simplifiez votre quotidien pour vous aider \u00e0 r\u00e9ussir - Obat","isPartOf":{"@id":"https:\/\/www.obat.fr\/#website"},"datePublished":"2025-02-05T20:17:24+00:00","dateModified":"2025-11-12T16:07:58+00:00","description":"Chez Obat, nous avons une mission simple : transformer le quotidien des artisans du b\u00e2timent en leur offrant un outil moderne et efficace, pens\u00e9 par eux et pour eux","inLanguage":"fr-FR","potentialAction":[{"@type":"ReadAction","target":["https:\/\/www.obat.fr\/qui-sommes-nous\/"]}]},{"@type":"WebSite","@id":"https:\/\/www.obat.fr\/#website","url":"https:\/\/www.obat.fr\/","name":"Obat","description":"Logiciel de devis et factures en ligne pour le b\u00e2timent","publisher":{"@id":"https:\/\/www.obat.fr\/www\/#organization"},"potentialAction":[{"@type":"SearchAction","target":{"@type":"EntryPoint","urlTemplate":"https:\/\/www.obat.fr\/?s={search_term_string}"},"query-input":{"@type":"PropertyValueSpecification","valueRequired":true,"valueName":"search_term_string"}}],"inLanguage":"fr-FR"},{"@type":"Organization","@id":"https:\/\/www.obat.fr\/#organization","name":"Obat","url":"https:\/\/www.obat.fr\/","logo":{"@type":"ImageObject","inLanguage":"fr-FR","@id":"https:\/\/www.obat.fr\/www\/#\/schema\/logo\/image\/","url":"https:\/\/www.obat.fr\/www\/wp-content\/uploads\/2024\/07\/logo.svg","contentUrl":"https:\/\/www.obat.fr\/www\/wp-content\/uploads\/2024\/07\/logo.svg","width":163,"height":48,"caption":"Obat"},"image":{"@id":"https:\/\/www.obat.fr\/www\/#\/schema\/logo\/image\/"},"sameAs":["https:\/\/www.facebook.com\/obat.fr\/","https:\/\/x.com\/obat_fr"]}]}},"_links":{"self":[{"href":"https:\/\/www.obat.fr\/www\/wp-json\/wp\/v2\/pages\/3200","targetHints":{"allow":["GET"]}}],"collection":[{"href":"https:\/\/www.obat.fr\/www\/wp-json\/wp\/v2\/pages"}],"about":[{"href":"https:\/\/www.obat.fr\/www\/wp-json\/wp\/v2\/types\/page"}],"author":[{"embeddable":true,"href":"https:\/\/www.obat.fr\/www\/wp-json\/wp\/v2\/users\/10"}],"replies":[{"embeddable":true,"href":"https:\/\/www.obat.fr\/www\/wp-json\/wp\/v2\/comments?post=3200"}],"version-history":[{"count":10,"href":"https:\/\/www.obat.fr\/www\/wp-json\/wp\/v2\/pages\/3200\/revisions"}],"predecessor-version":[{"id":5882,"href":"https:\/\/www.obat.fr\/www\/wp-json\/wp\/v2\/pages\/3200\/revisions\/5882"}],"wp:attachment":[{"href":"https:\/\/www.obat.fr\/www\/wp-json\/wp\/v2\/media?parent=3200"}],"curies":[{"name":"wp","href":"https:\/\/api.w.org\/{rel}","templated":true}]}}