{"id":3198,"date":"2025-02-12T15:40:07","date_gmt":"2025-02-12T15:40:07","guid":{"rendered":"https:\/\/www.obat.fr\/www\/?page_id=3198"},"modified":"2026-02-19T17:22:32","modified_gmt":"2026-02-19T17:22:32","slug":"temoignages","status":"publish","type":"page","link":"https:\/\/www.obat.fr\/www\/temoignages\/","title":{"rendered":"Corporate &#8211; T\u00e9moignages"},"content":{"rendered":"","protected":false},"excerpt":{"rendered":"","protected":false},"author":10,"featured_media":0,"parent":0,"menu_order":40,"comment_status":"closed","ping_status":"closed","template":"","meta":{"_acf_changed":false},"class_list":["post-3198","page","type-page","status-publish","hentry"],"acf":[],"yoast_head":"<!-- This site is optimized with the Yoast SEO Premium plugin v27.2 (Yoast SEO v27.5) - https:\/\/yoast.com\/product\/yoast-seo-premium-wordpress\/ -->\n<title>Les clients Obat donnent leur avis ! |Obat<\/title>\n<meta name=\"description\" content=\"Nos clients ont tous 2 points communs : ils sont tous artisans et entrepreneurs. Quel que soit leur parcours ils sont tous confront\u00e9s aux m\u00eames probl\u00e9matiques : comment g\u00e9rer et faire prosp\u00e9rer leur activit\u00e9 ?\" \/>\n<meta name=\"robots\" content=\"index, follow, max-snippet:-1, max-image-preview:large, max-video-preview:-1\" \/>\n<link rel=\"canonical\" href=\"https:\/\/www.obat.fr\/temoignages\/\" \/>\n<meta property=\"og:locale\" content=\"fr_FR\" \/>\n<meta property=\"og:type\" content=\"article\" \/>\n<meta property=\"og:title\" content=\"Les clients Obat donnent leur avis ! |Obat\" \/>\n<meta property=\"og:description\" content=\"Nos clients ont tous 2 points communs : ils sont tous artisans et entrepreneurs. Quel que soit leur parcours ils sont tous confront\u00e9s aux m\u00eames probl\u00e9matiques : comment g\u00e9rer et faire prosp\u00e9rer leur activit\u00e9 ?\" \/>\n<meta property=\"og:url\" content=\"https:\/\/www.obat.fr\/www\/temoignages\/\" \/>\n<meta property=\"og:site_name\" content=\"Obat\" \/>\n<meta property=\"article:publisher\" content=\"https:\/\/www.facebook.com\/obat.fr\/\" \/>\n<meta property=\"article:modified_time\" content=\"2026-02-19T17:22:32+00:00\" \/>\n<meta name=\"twitter:card\" content=\"summary_large_image\" \/>\n<meta name=\"twitter:site\" content=\"@obat_fr\" \/>\n<meta name=\"twitter:label1\" content=\"Dur\u00e9e de lecture estim\u00e9e\" \/>\n\t<meta name=\"twitter:data1\" content=\"3 minutes\" \/>\n<script type=\"application\/ld+json\" class=\"yoast-schema-graph\">{\"@context\":\"https:\\\/\\\/schema.org\",\"@graph\":[{\"@type\":\"WebPage\",\"@id\":\"https:\\\/\\\/www.obat.fr\\\/temoignages\\\/\",\"url\":\"https:\\\/\\\/www.obat.fr\\\/temoignages\\\/\",\"name\":\"Les clients Obat donnent leur avis ! |Obat\",\"isPartOf\":{\"@id\":\"https:\\\/\\\/www.obat.fr\\\/#website\"},\"datePublished\":\"2025-02-12T15:40:07+00:00\",\"dateModified\":\"2026-02-19T17:22:32+00:00\",\"description\":\"Nos clients ont tous 2 points communs : ils sont tous artisans et entrepreneurs. Quel que soit leur parcours ils sont tous confront\u00e9s aux m\u00eames probl\u00e9matiques : comment g\u00e9rer et faire prosp\u00e9rer leur activit\u00e9 ?\",\"inLanguage\":\"fr-FR\",\"potentialAction\":[{\"@type\":\"ReadAction\",\"target\":[\"https:\\\/\\\/www.obat.fr\\\/temoignages\\\/\"]}]},{\"@type\":\"WebSite\",\"@id\":\"https:\\\/\\\/www.obat.fr\\\/#website\",\"url\":\"https:\\\/\\\/www.obat.fr\\\/\",\"name\":\"Obat\",\"description\":\"Logiciel de devis et factures en ligne pour le b\u00e2timent\",\"publisher\":{\"@id\":\"https:\\\/\\\/www.obat.fr\\\/www\\\/#organization\"},\"potentialAction\":[{\"@type\":\"SearchAction\",\"target\":{\"@type\":\"EntryPoint\",\"urlTemplate\":\"https:\\\/\\\/www.obat.fr\\\/?s={search_term_string}\"},\"query-input\":{\"@type\":\"PropertyValueSpecification\",\"valueRequired\":true,\"valueName\":\"search_term_string\"}}],\"inLanguage\":\"fr-FR\"},{\"@type\":\"Organization\",\"@id\":\"https:\\\/\\\/www.obat.fr\\\/#organization\",\"name\":\"Obat\",\"url\":\"https:\\\/\\\/www.obat.fr\\\/\",\"logo\":{\"@type\":\"ImageObject\",\"inLanguage\":\"fr-FR\",\"@id\":\"https:\\\/\\\/www.obat.fr\\\/www\\\/#\\\/schema\\\/logo\\\/image\\\/\",\"url\":\"https:\\\/\\\/www.obat.fr\\\/www\\\/wp-content\\\/uploads\\\/2024\\\/07\\\/logo.svg\",\"contentUrl\":\"https:\\\/\\\/www.obat.fr\\\/www\\\/wp-content\\\/uploads\\\/2024\\\/07\\\/logo.svg\",\"width\":163,\"height\":48,\"caption\":\"Obat\"},\"image\":{\"@id\":\"https:\\\/\\\/www.obat.fr\\\/www\\\/#\\\/schema\\\/logo\\\/image\\\/\"},\"sameAs\":[\"https:\\\/\\\/www.facebook.com\\\/obat.fr\\\/\",\"https:\\\/\\\/x.com\\\/obat_fr\"]}]}<\/script>\n<!-- \/ Yoast SEO Premium plugin. -->","yoast_head_json":{"title":"Les clients Obat donnent leur avis ! |Obat","description":"Nos clients ont tous 2 points communs : ils sont tous artisans et entrepreneurs. Quel que soit leur parcours ils sont tous confront\u00e9s aux m\u00eames probl\u00e9matiques : comment g\u00e9rer et faire prosp\u00e9rer leur activit\u00e9 ?","robots":{"index":"index","follow":"follow","max-snippet":"max-snippet:-1","max-image-preview":"max-image-preview:large","max-video-preview":"max-video-preview:-1"},"canonical":"https:\/\/www.obat.fr\/temoignages\/","og_locale":"fr_FR","og_type":"article","og_title":"Les clients Obat donnent leur avis ! |Obat","og_description":"Nos clients ont tous 2 points communs : ils sont tous artisans et entrepreneurs. Quel que soit leur parcours ils sont tous confront\u00e9s aux m\u00eames probl\u00e9matiques : comment g\u00e9rer et faire prosp\u00e9rer leur activit\u00e9 ?","og_url":"https:\/\/www.obat.fr\/www\/temoignages\/","og_site_name":"Obat","article_publisher":"https:\/\/www.facebook.com\/obat.fr\/","article_modified_time":"2026-02-19T17:22:32+00:00","twitter_card":"summary_large_image","twitter_site":"@obat_fr","twitter_misc":{"Dur\u00e9e de lecture estim\u00e9e":"3 minutes"},"schema":{"@context":"https:\/\/schema.org","@graph":[{"@type":"WebPage","@id":"https:\/\/www.obat.fr\/temoignages\/","url":"https:\/\/www.obat.fr\/temoignages\/","name":"Les clients Obat donnent leur avis ! |Obat","isPartOf":{"@id":"https:\/\/www.obat.fr\/#website"},"datePublished":"2025-02-12T15:40:07+00:00","dateModified":"2026-02-19T17:22:32+00:00","description":"Nos clients ont tous 2 points communs : ils sont tous artisans et entrepreneurs. Quel que soit leur parcours ils sont tous confront\u00e9s aux m\u00eames probl\u00e9matiques : comment g\u00e9rer et faire prosp\u00e9rer leur activit\u00e9 ?","inLanguage":"fr-FR","potentialAction":[{"@type":"ReadAction","target":["https:\/\/www.obat.fr\/temoignages\/"]}]},{"@type":"WebSite","@id":"https:\/\/www.obat.fr\/#website","url":"https:\/\/www.obat.fr\/","name":"Obat","description":"Logiciel de devis et factures en ligne pour le b\u00e2timent","publisher":{"@id":"https:\/\/www.obat.fr\/www\/#organization"},"potentialAction":[{"@type":"SearchAction","target":{"@type":"EntryPoint","urlTemplate":"https:\/\/www.obat.fr\/?s={search_term_string}"},"query-input":{"@type":"PropertyValueSpecification","valueRequired":true,"valueName":"search_term_string"}}],"inLanguage":"fr-FR"},{"@type":"Organization","@id":"https:\/\/www.obat.fr\/#organization","name":"Obat","url":"https:\/\/www.obat.fr\/","logo":{"@type":"ImageObject","inLanguage":"fr-FR","@id":"https:\/\/www.obat.fr\/www\/#\/schema\/logo\/image\/","url":"https:\/\/www.obat.fr\/www\/wp-content\/uploads\/2024\/07\/logo.svg","contentUrl":"https:\/\/www.obat.fr\/www\/wp-content\/uploads\/2024\/07\/logo.svg","width":163,"height":48,"caption":"Obat"},"image":{"@id":"https:\/\/www.obat.fr\/www\/#\/schema\/logo\/image\/"},"sameAs":["https:\/\/www.facebook.com\/obat.fr\/","https:\/\/x.com\/obat_fr"]}]}},"_links":{"self":[{"href":"https:\/\/www.obat.fr\/www\/wp-json\/wp\/v2\/pages\/3198","targetHints":{"allow":["GET"]}}],"collection":[{"href":"https:\/\/www.obat.fr\/www\/wp-json\/wp\/v2\/pages"}],"about":[{"href":"https:\/\/www.obat.fr\/www\/wp-json\/wp\/v2\/types\/page"}],"author":[{"embeddable":true,"href":"https:\/\/www.obat.fr\/www\/wp-json\/wp\/v2\/users\/10"}],"replies":[{"embeddable":true,"href":"https:\/\/www.obat.fr\/www\/wp-json\/wp\/v2\/comments?post=3198"}],"version-history":[{"count":10,"href":"https:\/\/www.obat.fr\/www\/wp-json\/wp\/v2\/pages\/3198\/revisions"}],"predecessor-version":[{"id":6341,"href":"https:\/\/www.obat.fr\/www\/wp-json\/wp\/v2\/pages\/3198\/revisions\/6341"}],"wp:attachment":[{"href":"https:\/\/www.obat.fr\/www\/wp-json\/wp\/v2\/media?parent=3198"}],"curies":[{"name":"wp","href":"https:\/\/api.w.org\/{rel}","templated":true}]}}