{"id":2952,"date":"2025-01-23T15:48:43","date_gmt":"2025-01-23T15:48:43","guid":{"rendered":"https:\/\/www.obat.fr\/www\/?page_id=2952"},"modified":"2026-02-19T17:12:14","modified_gmt":"2026-02-19T17:12:14","slug":"cgv","status":"publish","type":"page","link":"https:\/\/www.obat.fr\/www\/cgv\/","title":{"rendered":"Feature &#8211; CGV"},"content":{"rendered":"","protected":false},"excerpt":{"rendered":"","protected":false},"author":10,"featured_media":0,"parent":0,"menu_order":5,"comment_status":"closed","ping_status":"closed","template":"","meta":{"_acf_changed":false},"class_list":["post-2952","page","type-page","status-publish","hentry"],"acf":[],"yoast_head":"<!-- This site is optimized with the Yoast SEO Premium plugin v27.2 (Yoast SEO v27.4) - https:\/\/yoast.com\/product\/yoast-seo-premium-wordpress\/ -->\n<title>Des CGV b\u00e2timent personnalis\u00e9es et gratuites | Obat<\/title>\n<meta name=\"description\" content=\"G\u00e9n\u00e9rez vos CGV pour le BTP en quelques minutes avec Obat. Un outil gratuit et simple pour cr\u00e9er des conditions g\u00e9n\u00e9rales de vente adapt\u00e9es \u00e0 votre activit\u00e9 et prot\u00e9ger votre entreprise en toute l\u00e9galit\u00e9.\" \/>\n<meta name=\"robots\" content=\"index, follow, max-snippet:-1, max-image-preview:large, max-video-preview:-1\" \/>\n<link rel=\"canonical\" href=\"https:\/\/www.obat.fr\/cgv\/\" \/>\n<meta property=\"og:locale\" content=\"fr_FR\" \/>\n<meta property=\"og:type\" content=\"article\" \/>\n<meta property=\"og:title\" content=\"Des CGV b\u00e2timent personnalis\u00e9es et gratuites | Obat\" \/>\n<meta property=\"og:description\" content=\"G\u00e9n\u00e9rez vos CGV pour le BTP en quelques minutes avec Obat. Un outil gratuit et simple pour cr\u00e9er des conditions g\u00e9n\u00e9rales de vente adapt\u00e9es \u00e0 votre activit\u00e9 et prot\u00e9ger votre entreprise en toute l\u00e9galit\u00e9.\" \/>\n<meta property=\"og:url\" content=\"https:\/\/www.obat.fr\/www\/cgv\/\" \/>\n<meta property=\"og:site_name\" content=\"Obat\" \/>\n<meta property=\"article:publisher\" content=\"https:\/\/www.facebook.com\/obat.fr\/\" \/>\n<meta property=\"article:modified_time\" content=\"2026-02-19T17:12:14+00:00\" \/>\n<meta name=\"twitter:card\" content=\"summary_large_image\" \/>\n<meta name=\"twitter:site\" content=\"@obat_fr\" \/>\n<meta name=\"twitter:label1\" content=\"Dur\u00e9e de lecture estim\u00e9e\" \/>\n\t<meta name=\"twitter:data1\" content=\"7 minutes\" \/>\n<script type=\"application\/ld+json\" class=\"yoast-schema-graph\">{\"@context\":\"https:\\\/\\\/schema.org\",\"@graph\":[{\"@type\":\"WebPage\",\"@id\":\"https:\\\/\\\/www.obat.fr\\\/cgv\\\/\",\"url\":\"https:\\\/\\\/www.obat.fr\\\/cgv\\\/\",\"name\":\"Des CGV b\u00e2timent personnalis\u00e9es et gratuites | Obat\",\"isPartOf\":{\"@id\":\"https:\\\/\\\/www.obat.fr\\\/#website\"},\"datePublished\":\"2025-01-23T15:48:43+00:00\",\"dateModified\":\"2026-02-19T17:12:14+00:00\",\"description\":\"G\u00e9n\u00e9rez vos CGV pour le BTP en quelques minutes avec Obat. Un outil gratuit et simple pour cr\u00e9er des conditions g\u00e9n\u00e9rales de vente adapt\u00e9es \u00e0 votre activit\u00e9 et prot\u00e9ger votre entreprise en toute l\u00e9galit\u00e9.\",\"inLanguage\":\"fr-FR\",\"potentialAction\":[{\"@type\":\"ReadAction\",\"target\":[\"https:\\\/\\\/www.obat.fr\\\/cgv\\\/\"]}]},{\"@type\":\"WebSite\",\"@id\":\"https:\\\/\\\/www.obat.fr\\\/#website\",\"url\":\"https:\\\/\\\/www.obat.fr\\\/\",\"name\":\"Obat\",\"description\":\"Logiciel de devis et factures en ligne pour le b\u00e2timent\",\"publisher\":{\"@id\":\"https:\\\/\\\/www.obat.fr\\\/www\\\/#organization\"},\"potentialAction\":[{\"@type\":\"SearchAction\",\"target\":{\"@type\":\"EntryPoint\",\"urlTemplate\":\"https:\\\/\\\/www.obat.fr\\\/?s={search_term_string}\"},\"query-input\":{\"@type\":\"PropertyValueSpecification\",\"valueRequired\":true,\"valueName\":\"search_term_string\"}}],\"inLanguage\":\"fr-FR\"},{\"@type\":\"Organization\",\"@id\":\"https:\\\/\\\/www.obat.fr\\\/#organization\",\"name\":\"Obat\",\"url\":\"https:\\\/\\\/www.obat.fr\\\/\",\"logo\":{\"@type\":\"ImageObject\",\"inLanguage\":\"fr-FR\",\"@id\":\"https:\\\/\\\/www.obat.fr\\\/www\\\/#\\\/schema\\\/logo\\\/image\\\/\",\"url\":\"https:\\\/\\\/www.obat.fr\\\/www\\\/wp-content\\\/uploads\\\/2024\\\/07\\\/logo.svg\",\"contentUrl\":\"https:\\\/\\\/www.obat.fr\\\/www\\\/wp-content\\\/uploads\\\/2024\\\/07\\\/logo.svg\",\"width\":163,\"height\":48,\"caption\":\"Obat\"},\"image\":{\"@id\":\"https:\\\/\\\/www.obat.fr\\\/www\\\/#\\\/schema\\\/logo\\\/image\\\/\"},\"sameAs\":[\"https:\\\/\\\/www.facebook.com\\\/obat.fr\\\/\",\"https:\\\/\\\/x.com\\\/obat_fr\"]}]}<\/script>\n<!-- \/ Yoast SEO Premium plugin. -->","yoast_head_json":{"title":"Des CGV b\u00e2timent personnalis\u00e9es et gratuites | Obat","description":"G\u00e9n\u00e9rez vos CGV pour le BTP en quelques minutes avec Obat. Un outil gratuit et simple pour cr\u00e9er des conditions g\u00e9n\u00e9rales de vente adapt\u00e9es \u00e0 votre activit\u00e9 et prot\u00e9ger votre entreprise en toute l\u00e9galit\u00e9.","robots":{"index":"index","follow":"follow","max-snippet":"max-snippet:-1","max-image-preview":"max-image-preview:large","max-video-preview":"max-video-preview:-1"},"canonical":"https:\/\/www.obat.fr\/cgv\/","og_locale":"fr_FR","og_type":"article","og_title":"Des CGV b\u00e2timent personnalis\u00e9es et gratuites | Obat","og_description":"G\u00e9n\u00e9rez vos CGV pour le BTP en quelques minutes avec Obat. Un outil gratuit et simple pour cr\u00e9er des conditions g\u00e9n\u00e9rales de vente adapt\u00e9es \u00e0 votre activit\u00e9 et prot\u00e9ger votre entreprise en toute l\u00e9galit\u00e9.","og_url":"https:\/\/www.obat.fr\/www\/cgv\/","og_site_name":"Obat","article_publisher":"https:\/\/www.facebook.com\/obat.fr\/","article_modified_time":"2026-02-19T17:12:14+00:00","twitter_card":"summary_large_image","twitter_site":"@obat_fr","twitter_misc":{"Dur\u00e9e de lecture estim\u00e9e":"7 minutes"},"schema":{"@context":"https:\/\/schema.org","@graph":[{"@type":"WebPage","@id":"https:\/\/www.obat.fr\/cgv\/","url":"https:\/\/www.obat.fr\/cgv\/","name":"Des CGV b\u00e2timent personnalis\u00e9es et gratuites | Obat","isPartOf":{"@id":"https:\/\/www.obat.fr\/#website"},"datePublished":"2025-01-23T15:48:43+00:00","dateModified":"2026-02-19T17:12:14+00:00","description":"G\u00e9n\u00e9rez vos CGV pour le BTP en quelques minutes avec Obat. Un outil gratuit et simple pour cr\u00e9er des conditions g\u00e9n\u00e9rales de vente adapt\u00e9es \u00e0 votre activit\u00e9 et prot\u00e9ger votre entreprise en toute l\u00e9galit\u00e9.","inLanguage":"fr-FR","potentialAction":[{"@type":"ReadAction","target":["https:\/\/www.obat.fr\/cgv\/"]}]},{"@type":"WebSite","@id":"https:\/\/www.obat.fr\/#website","url":"https:\/\/www.obat.fr\/","name":"Obat","description":"Logiciel de devis et factures en ligne pour le b\u00e2timent","publisher":{"@id":"https:\/\/www.obat.fr\/www\/#organization"},"potentialAction":[{"@type":"SearchAction","target":{"@type":"EntryPoint","urlTemplate":"https:\/\/www.obat.fr\/?s={search_term_string}"},"query-input":{"@type":"PropertyValueSpecification","valueRequired":true,"valueName":"search_term_string"}}],"inLanguage":"fr-FR"},{"@type":"Organization","@id":"https:\/\/www.obat.fr\/#organization","name":"Obat","url":"https:\/\/www.obat.fr\/","logo":{"@type":"ImageObject","inLanguage":"fr-FR","@id":"https:\/\/www.obat.fr\/www\/#\/schema\/logo\/image\/","url":"https:\/\/www.obat.fr\/www\/wp-content\/uploads\/2024\/07\/logo.svg","contentUrl":"https:\/\/www.obat.fr\/www\/wp-content\/uploads\/2024\/07\/logo.svg","width":163,"height":48,"caption":"Obat"},"image":{"@id":"https:\/\/www.obat.fr\/www\/#\/schema\/logo\/image\/"},"sameAs":["https:\/\/www.facebook.com\/obat.fr\/","https:\/\/x.com\/obat_fr"]}]}},"_links":{"self":[{"href":"https:\/\/www.obat.fr\/www\/wp-json\/wp\/v2\/pages\/2952","targetHints":{"allow":["GET"]}}],"collection":[{"href":"https:\/\/www.obat.fr\/www\/wp-json\/wp\/v2\/pages"}],"about":[{"href":"https:\/\/www.obat.fr\/www\/wp-json\/wp\/v2\/types\/page"}],"author":[{"embeddable":true,"href":"https:\/\/www.obat.fr\/www\/wp-json\/wp\/v2\/users\/10"}],"replies":[{"embeddable":true,"href":"https:\/\/www.obat.fr\/www\/wp-json\/wp\/v2\/comments?post=2952"}],"version-history":[{"count":11,"href":"https:\/\/www.obat.fr\/www\/wp-json\/wp\/v2\/pages\/2952\/revisions"}],"predecessor-version":[{"id":6321,"href":"https:\/\/www.obat.fr\/www\/wp-json\/wp\/v2\/pages\/2952\/revisions\/6321"}],"wp:attachment":[{"href":"https:\/\/www.obat.fr\/www\/wp-json\/wp\/v2\/media?parent=2952"}],"curies":[{"name":"wp","href":"https:\/\/api.w.org\/{rel}","templated":true}]}}