{"id":192,"date":"2023-02-23T01:39:47","date_gmt":"2023-02-23T01:39:47","guid":{"rendered":"https:\/\/www.obat.fr\/www\/?page_id=192"},"modified":"2026-02-19T17:26:59","modified_gmt":"2026-02-19T17:26:59","slug":"artisans-seuls","status":"publish","type":"page","link":"https:\/\/www.obat.fr\/www\/artisans-seuls\/","title":{"rendered":"Personae &#8211; Artisans Seuls"},"content":{"rendered":"","protected":false},"excerpt":{"rendered":"","protected":false},"author":10,"featured_media":0,"parent":0,"menu_order":28,"comment_status":"closed","ping_status":"closed","template":"","meta":{"_acf_changed":false},"class_list":["post-192","page","type-page","status-publish","hentry"],"acf":[],"yoast_head":"<!-- This site is optimized with the Yoast SEO Premium plugin v27.2 (Yoast SEO v27.4) - https:\/\/yoast.com\/product\/yoast-seo-premium-wordpress\/ -->\n<title>Logiciel facturation pour les auto-entrepreneurs | Obat<\/title>\n<meta name=\"description\" content=\"Pour la gestion de votre entreprise, optez pour notre logiciel de devis et factures Obat sp\u00e9cialis\u00e9 dans le b\u00e2timent. Cr\u00e9ation de devis rapide, gestion de la facturation simplifi\u00e9e et pilotage de votre activit\u00e9 via la planification de chantiers sur votre mobile !\" \/>\n<meta name=\"robots\" content=\"index, follow, max-snippet:-1, max-image-preview:large, max-video-preview:-1\" \/>\n<link rel=\"canonical\" href=\"https:\/\/www.obat.fr\/artisans-seuls\/\" \/>\n<meta property=\"og:locale\" content=\"fr_FR\" \/>\n<meta property=\"og:type\" content=\"article\" \/>\n<meta property=\"og:title\" content=\"Logiciel facturation pour les auto-entrepreneurs | Obat\" \/>\n<meta property=\"og:description\" content=\"Pour la gestion de votre entreprise, optez pour notre logiciel de devis et factures Obat sp\u00e9cialis\u00e9 dans le b\u00e2timent. Cr\u00e9ation de devis rapide, gestion de la facturation simplifi\u00e9e et pilotage de votre activit\u00e9 via la planification de chantiers sur votre mobile !\" \/>\n<meta property=\"og:url\" content=\"https:\/\/www.obat.fr\/www\/artisans-seuls\/\" \/>\n<meta property=\"og:site_name\" content=\"Obat\" \/>\n<meta property=\"article:publisher\" content=\"https:\/\/www.facebook.com\/obat.fr\/\" \/>\n<meta property=\"article:modified_time\" content=\"2026-02-19T17:26:59+00:00\" \/>\n<meta name=\"twitter:card\" content=\"summary_large_image\" \/>\n<meta name=\"twitter:site\" content=\"@obat_fr\" \/>\n<meta name=\"twitter:label1\" content=\"Dur\u00e9e de lecture estim\u00e9e\" \/>\n\t<meta name=\"twitter:data1\" content=\"12 minutes\" \/>\n<script type=\"application\/ld+json\" class=\"yoast-schema-graph\">{\"@context\":\"https:\\\/\\\/schema.org\",\"@graph\":[{\"@type\":\"WebPage\",\"@id\":\"https:\\\/\\\/www.obat.fr\\\/artisans-seuls\\\/\",\"url\":\"https:\\\/\\\/www.obat.fr\\\/artisans-seuls\\\/\",\"name\":\"Logiciel facturation pour les auto-entrepreneurs | Obat\",\"isPartOf\":{\"@id\":\"https:\\\/\\\/www.obat.fr\\\/#website\"},\"datePublished\":\"2023-02-23T01:39:47+00:00\",\"dateModified\":\"2026-02-19T17:26:59+00:00\",\"description\":\"Pour la gestion de votre entreprise, optez pour notre logiciel de devis et factures Obat sp\u00e9cialis\u00e9 dans le b\u00e2timent. Cr\u00e9ation de devis rapide, gestion de la facturation simplifi\u00e9e et pilotage de votre activit\u00e9 via la planification de chantiers sur votre mobile !\",\"inLanguage\":\"fr-FR\",\"potentialAction\":[{\"@type\":\"ReadAction\",\"target\":[\"https:\\\/\\\/www.obat.fr\\\/artisans-seuls\\\/\"]}]},{\"@type\":\"WebSite\",\"@id\":\"https:\\\/\\\/www.obat.fr\\\/#website\",\"url\":\"https:\\\/\\\/www.obat.fr\\\/\",\"name\":\"Obat\",\"description\":\"Logiciel de devis et factures en ligne pour le b\u00e2timent\",\"publisher\":{\"@id\":\"https:\\\/\\\/www.obat.fr\\\/www\\\/#organization\"},\"potentialAction\":[{\"@type\":\"SearchAction\",\"target\":{\"@type\":\"EntryPoint\",\"urlTemplate\":\"https:\\\/\\\/www.obat.fr\\\/?s={search_term_string}\"},\"query-input\":{\"@type\":\"PropertyValueSpecification\",\"valueRequired\":true,\"valueName\":\"search_term_string\"}}],\"inLanguage\":\"fr-FR\"},{\"@type\":\"Organization\",\"@id\":\"https:\\\/\\\/www.obat.fr\\\/#organization\",\"name\":\"Obat\",\"url\":\"https:\\\/\\\/www.obat.fr\\\/\",\"logo\":{\"@type\":\"ImageObject\",\"inLanguage\":\"fr-FR\",\"@id\":\"https:\\\/\\\/www.obat.fr\\\/www\\\/#\\\/schema\\\/logo\\\/image\\\/\",\"url\":\"https:\\\/\\\/www.obat.fr\\\/www\\\/wp-content\\\/uploads\\\/2024\\\/07\\\/logo.svg\",\"contentUrl\":\"https:\\\/\\\/www.obat.fr\\\/www\\\/wp-content\\\/uploads\\\/2024\\\/07\\\/logo.svg\",\"width\":163,\"height\":48,\"caption\":\"Obat\"},\"image\":{\"@id\":\"https:\\\/\\\/www.obat.fr\\\/www\\\/#\\\/schema\\\/logo\\\/image\\\/\"},\"sameAs\":[\"https:\\\/\\\/www.facebook.com\\\/obat.fr\\\/\",\"https:\\\/\\\/x.com\\\/obat_fr\"]}]}<\/script>\n<!-- \/ Yoast SEO Premium plugin. -->","yoast_head_json":{"title":"Logiciel facturation pour les auto-entrepreneurs | Obat","description":"Pour la gestion de votre entreprise, optez pour notre logiciel de devis et factures Obat sp\u00e9cialis\u00e9 dans le b\u00e2timent. Cr\u00e9ation de devis rapide, gestion de la facturation simplifi\u00e9e et pilotage de votre activit\u00e9 via la planification de chantiers sur votre mobile !","robots":{"index":"index","follow":"follow","max-snippet":"max-snippet:-1","max-image-preview":"max-image-preview:large","max-video-preview":"max-video-preview:-1"},"canonical":"https:\/\/www.obat.fr\/artisans-seuls\/","og_locale":"fr_FR","og_type":"article","og_title":"Logiciel facturation pour les auto-entrepreneurs | Obat","og_description":"Pour la gestion de votre entreprise, optez pour notre logiciel de devis et factures Obat sp\u00e9cialis\u00e9 dans le b\u00e2timent. Cr\u00e9ation de devis rapide, gestion de la facturation simplifi\u00e9e et pilotage de votre activit\u00e9 via la planification de chantiers sur votre mobile !","og_url":"https:\/\/www.obat.fr\/www\/artisans-seuls\/","og_site_name":"Obat","article_publisher":"https:\/\/www.facebook.com\/obat.fr\/","article_modified_time":"2026-02-19T17:26:59+00:00","twitter_card":"summary_large_image","twitter_site":"@obat_fr","twitter_misc":{"Dur\u00e9e de lecture estim\u00e9e":"12 minutes"},"schema":{"@context":"https:\/\/schema.org","@graph":[{"@type":"WebPage","@id":"https:\/\/www.obat.fr\/artisans-seuls\/","url":"https:\/\/www.obat.fr\/artisans-seuls\/","name":"Logiciel facturation pour les auto-entrepreneurs | Obat","isPartOf":{"@id":"https:\/\/www.obat.fr\/#website"},"datePublished":"2023-02-23T01:39:47+00:00","dateModified":"2026-02-19T17:26:59+00:00","description":"Pour la gestion de votre entreprise, optez pour notre logiciel de devis et factures Obat sp\u00e9cialis\u00e9 dans le b\u00e2timent. Cr\u00e9ation de devis rapide, gestion de la facturation simplifi\u00e9e et pilotage de votre activit\u00e9 via la planification de chantiers sur votre mobile !","inLanguage":"fr-FR","potentialAction":[{"@type":"ReadAction","target":["https:\/\/www.obat.fr\/artisans-seuls\/"]}]},{"@type":"WebSite","@id":"https:\/\/www.obat.fr\/#website","url":"https:\/\/www.obat.fr\/","name":"Obat","description":"Logiciel de devis et factures en ligne pour le b\u00e2timent","publisher":{"@id":"https:\/\/www.obat.fr\/www\/#organization"},"potentialAction":[{"@type":"SearchAction","target":{"@type":"EntryPoint","urlTemplate":"https:\/\/www.obat.fr\/?s={search_term_string}"},"query-input":{"@type":"PropertyValueSpecification","valueRequired":true,"valueName":"search_term_string"}}],"inLanguage":"fr-FR"},{"@type":"Organization","@id":"https:\/\/www.obat.fr\/#organization","name":"Obat","url":"https:\/\/www.obat.fr\/","logo":{"@type":"ImageObject","inLanguage":"fr-FR","@id":"https:\/\/www.obat.fr\/www\/#\/schema\/logo\/image\/","url":"https:\/\/www.obat.fr\/www\/wp-content\/uploads\/2024\/07\/logo.svg","contentUrl":"https:\/\/www.obat.fr\/www\/wp-content\/uploads\/2024\/07\/logo.svg","width":163,"height":48,"caption":"Obat"},"image":{"@id":"https:\/\/www.obat.fr\/www\/#\/schema\/logo\/image\/"},"sameAs":["https:\/\/www.facebook.com\/obat.fr\/","https:\/\/x.com\/obat_fr"]}]}},"_links":{"self":[{"href":"https:\/\/www.obat.fr\/www\/wp-json\/wp\/v2\/pages\/192","targetHints":{"allow":["GET"]}}],"collection":[{"href":"https:\/\/www.obat.fr\/www\/wp-json\/wp\/v2\/pages"}],"about":[{"href":"https:\/\/www.obat.fr\/www\/wp-json\/wp\/v2\/types\/page"}],"author":[{"embeddable":true,"href":"https:\/\/www.obat.fr\/www\/wp-json\/wp\/v2\/users\/10"}],"replies":[{"embeddable":true,"href":"https:\/\/www.obat.fr\/www\/wp-json\/wp\/v2\/comments?post=192"}],"version-history":[{"count":10,"href":"https:\/\/www.obat.fr\/www\/wp-json\/wp\/v2\/pages\/192\/revisions"}],"predecessor-version":[{"id":6344,"href":"https:\/\/www.obat.fr\/www\/wp-json\/wp\/v2\/pages\/192\/revisions\/6344"}],"wp:attachment":[{"href":"https:\/\/www.obat.fr\/www\/wp-json\/wp\/v2\/media?parent=192"}],"curies":[{"name":"wp","href":"https:\/\/api.w.org\/{rel}","templated":true}]}}